{"id":1524,"date":"2022-02-28T16:05:09","date_gmt":"2022-02-28T14:05:09","guid":{"rendered":"https:\/\/eviso.ai\/?page_id=1524"},"modified":"2024-01-24T10:28:06","modified_gmt":"2024-01-24T08:28:06","slug":"home","status":"publish","type":"page","link":"https:\/\/eviso.ai\/fr\/","title":{"rendered":"eVISO &#8211; Artificial Intelligence for Commodities"},"content":{"rendered":"<p>eVISO est une entreprise num\u00e9rique qui utilise sa plateforme propri\u00e9taire d&rsquo;intelligence artificielle pour cr\u00e9er de la valeur pour les utilisateurs r\u00e9currents de produits de base, op\u00e9rant sur les march\u00e9s de l&rsquo;\u00e9lectricit\u00e9, du gaz et des pommes fra\u00eeches.<\/p>\n","protected":false},"excerpt":{"rendered":"<p>eVISO est une entreprise num\u00e9rique qui utilise sa plateforme propri\u00e9taire d&rsquo;intelligence artificielle pour cr\u00e9er de la valeur pour les utilisateurs [&hellip;]<\/p>\n","protected":false},"author":3,"featured_media":1440,"parent":0,"menu_order":0,"comment_status":"closed","ping_status":"closed","template":"tmp-home.php","meta":{"inline_featured_image":false,"footnotes":""},"class_list":["post-1524","page","type-page","status-publish","has-post-thumbnail","hentry"],"_links":{"self":[{"href":"https:\/\/eviso.ai\/fr\/wp-json\/wp\/v2\/pages\/1524","targetHints":{"allow":["GET"]}}],"collection":[{"href":"https:\/\/eviso.ai\/fr\/wp-json\/wp\/v2\/pages"}],"about":[{"href":"https:\/\/eviso.ai\/fr\/wp-json\/wp\/v2\/types\/page"}],"author":[{"embeddable":true,"href":"https:\/\/eviso.ai\/fr\/wp-json\/wp\/v2\/users\/3"}],"replies":[{"embeddable":true,"href":"https:\/\/eviso.ai\/fr\/wp-json\/wp\/v2\/comments?post=1524"}],"version-history":[{"count":4,"href":"https:\/\/eviso.ai\/fr\/wp-json\/wp\/v2\/pages\/1524\/revisions"}],"predecessor-version":[{"id":4825,"href":"https:\/\/eviso.ai\/fr\/wp-json\/wp\/v2\/pages\/1524\/revisions\/4825"}],"wp:featuredmedia":[{"embeddable":true,"href":"https:\/\/eviso.ai\/fr\/wp-json\/wp\/v2\/media\/1440"}],"wp:attachment":[{"href":"https:\/\/eviso.ai\/fr\/wp-json\/wp\/v2\/media?parent=1524"}],"curies":[{"name":"wp","href":"https:\/\/api.w.org\/{rel}","templated":true}]}}