{"id":1527,"date":"2022-02-28T16:46:07","date_gmt":"2022-02-28T14:46:07","guid":{"rendered":"https:\/\/eviso.ai\/company\/"},"modified":"2024-10-10T16:21:09","modified_gmt":"2024-10-10T14:21:09","slug":"entreprise-ia","status":"publish","type":"page","link":"https:\/\/eviso.ai\/fr\/entreprise-ia\/","title":{"rendered":"Entreprise IA"},"content":{"rendered":"<p>eVISO est une entreprise num\u00e9rique qui utilise sa <strong>plateforme propri\u00e9taire d&rsquo;Intelligence Artificielle<\/strong> pour <strong>cr\u00e9er de la valeur<\/strong> pour les utilisateurs r\u00e9currents de <strong>mati\u00e8res premi\u00e8res<\/strong>.<\/p>\n<p>L&rsquo;<strong>\u00e9lectricit\u00e9<\/strong> est la mati\u00e8re premi\u00e8re \u00e0 laquelle nous avons appliqu\u00e9 notre technologie pour la premi\u00e8re fois en 2013, gr\u00e2ce \u00e0 la pr\u00e9sence omnipr\u00e9sente de compteurs num\u00e9riques, install\u00e9s par la loi dans plus de 36 millions de foyers et d&rsquo;entreprises en Italie, ce qui a cr\u00e9\u00e9 une quantit\u00e9 consid\u00e9rable de donn\u00e9es.<\/p>\n<p>Avec une approche inspir\u00e9e des mod\u00e8les commerciaux de plateformes, comme Amazon et Google, nous avons commenc\u00e9 en 2019 \u00e0 vendre nos services d&rsquo;IA non seulement aux clients directs, mais \u00e9galement \u00e0 d&rsquo;<strong>autres op\u00e9rateurs<\/strong> du secteur de l&rsquo;\u00e9lectricit\u00e9.<\/p>\n<p><img decoding=\"async\" class=\"img-fluid my-4\" src=\"https:\/\/eviso.ai\/wp-content\/uploads\/company.jpg\" alt=\"\" \/><\/p>\n<h2><strong>L&rsquo;Intelligence Artificielle dans le secteur des mati\u00e8res premi\u00e8res<\/strong><\/h2>\n<p>Le contexte dans lequel nous op\u00e9rons comprend des acteurs qui ach\u00e8tent, vendent et livrent des produits, avec des degr\u00e9s de num\u00e9risation vari\u00e9s.<\/p>\n<p>En plus de ces op\u00e9rations, la plateforme propri\u00e9taire effectue \u00e9galement une s\u00e9rie d&rsquo;activit\u00e9s non humaines, que nous appelons la <em>Magie de l&rsquo;Intelligence Artificielle<\/em> :<\/p>\n<ul>\n<li><strong>Pr\u00e9diction<\/strong> : la production industrielle de pr\u00e9visions sur les prix, les volumes, les comportements humains etc\u2026. Avantages : r\u00e9duire les co\u00fbts, att\u00e9nuer les risques, acc\u00e9l\u00e9rer les temps de r\u00e9ponse.<\/li>\n<li><strong>Ex\u00e9cution <\/strong>: l&rsquo;ex\u00e9cution industrielle automatique et autonome de millions d&rsquo;op\u00e9rations num\u00e9riques (des milliers d&rsquo;alertes par jour, sugg\u00e9r\u00e9es en fonction du comportement des utilisateurs). Avantages : r\u00e9duit les co\u00fbts, augmente la qualit\u00e9 per\u00e7ue et s&rsquo;adapte rapidement aux nouveaux contextes.<\/li>\n<li><strong>Data Driven Pricing <\/strong>: la possibilit\u00e9 de mon\u00e9tiser la valeur cr\u00e9\u00e9e par les deux activit\u00e9s pr\u00e9c\u00e9dentes en personnalisant en masse les prix. Avantages : augmentez vos profits en pla\u00e7ant nos offres dans la fen\u00eatre de prix la plus appropri\u00e9e.<\/li>\n<\/ul>\n<h2><strong>Nouveaux march\u00e9s<\/strong><\/h2>\n<p>Les activit\u00e9s men\u00e9es par notre moteur num\u00e9rique sont rapidement <strong>adaptables<\/strong> aux diff\u00e9rentes <strong>mati\u00e8res premi\u00e8res<\/strong>.<\/p>\n<p>En f\u00e9vrier 2021, nous sommes entr\u00e9s dans le secteur des fruits en lan\u00e7ant <em><a href=\"https:\/\/smartmele.eviso.it\/\"><strong>SmartMele<\/strong><\/a><\/em>, le premier march\u00e9 num\u00e9rique o\u00f9 les producteurs et commer\u00e7ants de fruits peuvent \u00e9changer des conteneurs de pommes pour une livraison de 3, 6, 12 mois.<\/p>\n<h2><strong>Nombres<\/strong><\/h2>\n<p>Depuis le 30 d\u00e9cembre 2020, eVISO est cot\u00e9e sur le segment <a href=\"https:\/\/www.borsaitaliana.it\/azioni\/mercati\/euronext-growth-milan\/home\/caratteristiche.htm\"><strong><em>Euronext Growth Milan<\/em><\/strong><\/a> de <em><strong>Borsa Italiana S.p.A<\/strong><\/em>.<br \/>\nPour plus d&rsquo;informations sur les <strong>r\u00e9sultats officiels<\/strong> et les <strong>pr\u00e9sentations des soci\u00e9t\u00e9s<\/strong>, visitez la section <strong>Relations avec les investisseurs<\/strong>.<\/p>\n<p><a href=\"https:\/\/eviso.ai\/fr\/relations-avec-les-investisseurs\/\">Visitez la section \u201cRelations avec les investisseurs\u201d<\/a><\/p>\n<h2>Soci\u00e9t\u00e9s contr\u00f4l\u00e9es, affili\u00e9es, soci\u00e9t\u00e9s m\u00e8res et entreprises associ\u00e9es<\/h2>\n<p><a href=\"https:\/\/iscat.com\/\" target=\"_blank\" rel=\"noopener\">ISCAT (actionnaire)<\/a><\/p>\n<p>eVISO, en vue d&rsquo;\u00e9largir les services et produits propos\u00e9s \u00e0 sa client\u00e8le et dans le but d&rsquo;accompagner et de p\u00e9renniser la croissance de la plateforme technologique propri\u00e9taire, \u00e0 pris des participations dans les soci\u00e9t\u00e9s suivantes :<\/p>\n<ul>\n<li><a href=\"https:\/\/gdsystem.it\/\" target=\"_blank\" rel=\"noopener\">GD SYSTEM S.R.L.<\/a><\/li>\n<\/ul>\n","protected":false},"excerpt":{"rendered":"<p>eVISO est une entreprise num\u00e9rique qui utilise sa plateforme propri\u00e9taire d&rsquo;Intelligence Artificielle pour cr\u00e9er de la valeur pour les utilisateurs [&hellip;]<\/p>\n","protected":false},"author":3,"featured_media":0,"parent":0,"menu_order":0,"comment_status":"closed","ping_status":"closed","template":"","meta":{"inline_featured_image":false,"footnotes":""},"class_list":["post-1527","page","type-page","status-publish","hentry"],"_links":{"self":[{"href":"https:\/\/eviso.ai\/fr\/wp-json\/wp\/v2\/pages\/1527","targetHints":{"allow":["GET"]}}],"collection":[{"href":"https:\/\/eviso.ai\/fr\/wp-json\/wp\/v2\/pages"}],"about":[{"href":"https:\/\/eviso.ai\/fr\/wp-json\/wp\/v2\/types\/page"}],"author":[{"embeddable":true,"href":"https:\/\/eviso.ai\/fr\/wp-json\/wp\/v2\/users\/3"}],"replies":[{"embeddable":true,"href":"https:\/\/eviso.ai\/fr\/wp-json\/wp\/v2\/comments?post=1527"}],"version-history":[{"count":5,"href":"https:\/\/eviso.ai\/fr\/wp-json\/wp\/v2\/pages\/1527\/revisions"}],"predecessor-version":[{"id":6471,"href":"https:\/\/eviso.ai\/fr\/wp-json\/wp\/v2\/pages\/1527\/revisions\/6471"}],"wp:attachment":[{"href":"https:\/\/eviso.ai\/fr\/wp-json\/wp\/v2\/media?parent=1527"}],"curies":[{"name":"wp","href":"https:\/\/api.w.org\/{rel}","templated":true}]}}