{"id":1530,"date":"2022-02-28T16:48:29","date_gmt":"2022-02-28T14:48:29","guid":{"rendered":"https:\/\/eviso.ai\/?page_id=1530"},"modified":"2024-08-26T11:04:23","modified_gmt":"2024-08-26T09:04:23","slug":"relations-avec-les-investisseurs","status":"publish","type":"page","link":"https:\/\/eviso.ai\/fr\/relations-avec-les-investisseurs\/","title":{"rendered":"Relations investisseurs"},"content":{"rendered":"<p><img loading=\"lazy\" decoding=\"async\" class=\"alignnone wp-image-422\" src=\"https:\/\/eviso.ai\/wp-content\/uploads\/IPO_Eviso-0001.jpg\" alt=\"eVISO SpA Eurostock Growth Market \" width=\"899\" height=\"599\" srcset=\"https:\/\/eviso.ai\/wp-content\/uploads\/IPO_Eviso-0001.jpg 2400w, https:\/\/eviso.ai\/wp-content\/uploads\/IPO_Eviso-0001-300x200.jpg 300w, https:\/\/eviso.ai\/wp-content\/uploads\/IPO_Eviso-0001-1024x683.jpg 1024w, https:\/\/eviso.ai\/wp-content\/uploads\/IPO_Eviso-0001-768x512.jpg 768w, https:\/\/eviso.ai\/wp-content\/uploads\/IPO_Eviso-0001-1536x1024.jpg 1536w, https:\/\/eviso.ai\/wp-content\/uploads\/IPO_Eviso-0001-2048x1365.jpg 2048w, https:\/\/eviso.ai\/wp-content\/uploads\/IPO_Eviso-0001-1350x900.jpg 1350w\" sizes=\"auto, (max-width: 899px) 100vw, 899px\" \/><br \/>\nCet espace est organis\u00e9 pour r\u00e9pondre de mani\u00e8re efficace et transparente aux besoins d&rsquo;information de l&rsquo;ensemble de la communaut\u00e9 financi\u00e8re.<\/p>\n<p>Pour la transmission des informations r\u00e9glement\u00e9es, la Soci\u00e9t\u00e9 utilise le syst\u00e8me de transmission E-MARKET SDIR et le dispositif de stockage E-MARKET STORAGE qui peuvent \u00eatre consult\u00e9s sur le site www.emarketstorage.com et sont g\u00e9r\u00e9s par Teleborsa S.r.l., dont le si\u00e8ge social est situ\u00e9 \u00e0 Rome, 4 Piazza Priscilla, conform\u00e9ment \u00e0 l&rsquo;autorisation de la CONSOB et aux r\u00e9solutions n\u00b0 22517 et 22518 du 23 novembre 2022.<\/p>\n<p>Lors de l&rsquo;inscription, la langue italienne a \u00e9t\u00e9 choisie pour toutes les communications.<\/p>\n<p><em><span class=\"VIiyi\" lang=\"fr\"><span class=\"JLqJ4b ChMk0b\"><span class=\"Q4iAWc\">Derni\u00e8re mise \u00e0 jour 26.08.2024<\/span><\/span><\/span><\/em><\/p>\n","protected":false},"excerpt":{"rendered":"<p>Cet espace est organis\u00e9 pour r\u00e9pondre de mani\u00e8re efficace et transparente aux besoins d&rsquo;information de l&rsquo;ensemble de la communaut\u00e9 financi\u00e8re. [&hellip;]<\/p>\n","protected":false},"author":3,"featured_media":0,"parent":0,"menu_order":0,"comment_status":"closed","ping_status":"closed","template":"tmp-investor-home.php","meta":{"inline_featured_image":false,"footnotes":""},"class_list":["post-1530","page","type-page","status-publish","hentry"],"_links":{"self":[{"href":"https:\/\/eviso.ai\/fr\/wp-json\/wp\/v2\/pages\/1530","targetHints":{"allow":["GET"]}}],"collection":[{"href":"https:\/\/eviso.ai\/fr\/wp-json\/wp\/v2\/pages"}],"about":[{"href":"https:\/\/eviso.ai\/fr\/wp-json\/wp\/v2\/types\/page"}],"author":[{"embeddable":true,"href":"https:\/\/eviso.ai\/fr\/wp-json\/wp\/v2\/users\/3"}],"replies":[{"embeddable":true,"href":"https:\/\/eviso.ai\/fr\/wp-json\/wp\/v2\/comments?post=1530"}],"version-history":[{"count":114,"href":"https:\/\/eviso.ai\/fr\/wp-json\/wp\/v2\/pages\/1530\/revisions"}],"predecessor-version":[{"id":5775,"href":"https:\/\/eviso.ai\/fr\/wp-json\/wp\/v2\/pages\/1530\/revisions\/5775"}],"wp:attachment":[{"href":"https:\/\/eviso.ai\/fr\/wp-json\/wp\/v2\/media?parent=1530"}],"curies":[{"name":"wp","href":"https:\/\/api.w.org\/{rel}","templated":true}]}}