{"id":1538,"date":"2022-03-08T12:34:03","date_gmt":"2022-03-08T10:34:03","guid":{"rendered":"https:\/\/eviso.ai\/?page_id=1538"},"modified":"2025-11-18T17:10:08","modified_gmt":"2025-11-18T15:10:08","slug":"gouvernance","status":"publish","type":"page","link":"https:\/\/eviso.ai\/fr\/relations-avec-les-investisseurs\/gouvernance\/","title":{"rendered":"Gouvernance"},"content":{"rendered":"<h2>Cabinet d&rsquo;audit<\/h2>\n<p><a href=\"https:\/\/www.ria-grantthornton.it\/it\/\" target=\"_blank\" rel=\"noopener\"><br \/>\n<img decoding=\"async\" class=\"img-fluid\" style=\"max-width: 200px;\" src=\"https:\/\/eviso.ai\/wp-content\/uploads\/ria-grant-thornton.jpg\" alt=\"\" \/><br \/>\n<\/a><\/p>\n<hr class=\"my-5\" \/>\n<h1 class=\"mb-5\">Documents et proc\u00e9dures<\/h1>\n<p><a href=\"https:\/\/eviso.ai\/wp-content\/uploads\/Allegato-M.pdf\">Statuts (langue italienne) <i class=\"bi bi-download\"><\/i><\/a><\/p>\n<p><a href=\"https:\/\/eviso.ai\/wp-content\/uploads\/eviso_-_procedura_internal_dealing_egm.pdf\"><span style=\"font-weight: 400;\">Proc\u00e9dure de transaction interne<\/span> (langue italienne) <i class=\"bi bi-download\"><\/i><\/a><\/p>\n<p><a href=\"https:\/\/eviso.ai\/wp-content\/uploads\/eviso_-_procedura_info_privilegiate_egm.pdf\"><span style=\"font-weight: 400;\">Proc\u00e9dure d&rsquo;information privil\u00e9gi\u00e9e<\/span> (langue italienne) <i class=\"bi bi-download\"><\/i><\/a><\/p>\n<p><a href=\"https:\/\/eviso.ai\/wp-content\/uploads\/eviso_-_procedura_opc_egm.pdf\"><span style=\"font-weight: 400;\">Proc\u00e9dure relative aux transactions avec des parties li\u00e9es<\/span> (langue italienne) <i class=\"bi bi-download\"><\/i><\/a><\/p>\n<p><a href=\"https:\/\/eviso.ai\/wp-content\/uploads\/eviso_procedura_obblighi_di_comunicazione_alleuronext_growth_advisor_egm.pdf\"><span style=\"font-weight: 400;\">Proc\u00e9dure relative aux obligations d&rsquo;information \u00e0 Euronext Growth Advisor<\/span> (langue italienne) <i class=\"bi bi-download\"><\/i><\/a><\/p>\n<p><a href=\"https:\/\/eviso.ai\/wp-content\/uploads\/eviso_procedura_registro_insider_egm.pdf\"><span style=\"font-weight: 400;\">Proc\u00e9dure de registre d&rsquo;initi\u00e9s<\/span> (langue italienne) <i class=\"bi bi-download\"><\/i><\/a><\/p>\n<p><a href=\"https:\/\/eviso.ai\/wp-content\/uploads\/eVISO-Criteri-di-indipendenza-per-la-valutazione-degli-amministratori.pdf\">Crit\u00e8res d\u2019application pour \u00e9valuer l\u2019ind\u00e9pendance des administrateurs (langue italienne)<\/a><\/p>\n<p><a href=\"https:\/\/eviso.ai\/wp-content\/uploads\/240828_Modulo-di-richiesta-Azioni-a-Voto-Plurimo-eVISO_Clean.pdf\">Formulaire de conversion d&rsquo;actions ordinaires en actions \u00e0 droit de vote multiple (langue italienne)<\/a><\/p>\n<hr class=\"my-5\" \/>\n<h1 class=\"mb-5\">Assembl\u00e9es d&rsquo;actionnaires<\/h1>\n","protected":false},"excerpt":{"rendered":"<p>Cabinet d&rsquo;audit Documents et proc\u00e9dures Statuts (langue italienne) Proc\u00e9dure de transaction interne (langue italienne) Proc\u00e9dure d&rsquo;information privil\u00e9gi\u00e9e (langue italienne) Proc\u00e9dure [&hellip;]<\/p>\n","protected":false},"author":3,"featured_media":0,"parent":1530,"menu_order":0,"comment_status":"closed","ping_status":"closed","template":"tmp-investor-governance.php","meta":{"inline_featured_image":false,"footnotes":""},"class_list":["post-1538","page","type-page","status-publish","hentry"],"_links":{"self":[{"href":"https:\/\/eviso.ai\/fr\/wp-json\/wp\/v2\/pages\/1538","targetHints":{"allow":["GET"]}}],"collection":[{"href":"https:\/\/eviso.ai\/fr\/wp-json\/wp\/v2\/pages"}],"about":[{"href":"https:\/\/eviso.ai\/fr\/wp-json\/wp\/v2\/types\/page"}],"author":[{"embeddable":true,"href":"https:\/\/eviso.ai\/fr\/wp-json\/wp\/v2\/users\/3"}],"replies":[{"embeddable":true,"href":"https:\/\/eviso.ai\/fr\/wp-json\/wp\/v2\/comments?post=1538"}],"version-history":[{"count":40,"href":"https:\/\/eviso.ai\/fr\/wp-json\/wp\/v2\/pages\/1538\/revisions"}],"predecessor-version":[{"id":8186,"href":"https:\/\/eviso.ai\/fr\/wp-json\/wp\/v2\/pages\/1538\/revisions\/8186"}],"up":[{"embeddable":true,"href":"https:\/\/eviso.ai\/fr\/wp-json\/wp\/v2\/pages\/1530"}],"wp:attachment":[{"href":"https:\/\/eviso.ai\/fr\/wp-json\/wp\/v2\/media?parent=1538"}],"curies":[{"name":"wp","href":"https:\/\/api.w.org\/{rel}","templated":true}]}}