{"id":1555,"date":"2022-03-08T12:34:46","date_gmt":"2022-03-08T10:34:46","guid":{"rendered":"https:\/\/eviso.ai\/?page_id=1555"},"modified":"2025-03-27T13:39:46","modified_gmt":"2025-03-27T11:39:46","slug":"calendrier","status":"publish","type":"page","link":"https:\/\/eviso.ai\/fr\/relations-avec-les-investisseurs\/calendrier\/","title":{"rendered":"Calendrier"},"content":{"rendered":"<p>&nbsp;<\/p>\n<table class=\"table table-dark\">\n<tbody>\n<tr>\n<td>Date<\/td>\n<td>\u00c9v\u00e9nement<\/td>\n<\/tr>\n<tr>\n<td>14 mai 2025<\/td>\n<td>Communication des donn\u00e9es \u00e9conomiques et financi\u00e8res pr\u00e9liminaires et des principaux indicateurs de performance (KPIs) au 31 mars 2025, non soumis \u00e0 audit(i)<\/td>\n<\/tr>\n<tr>\n<td>27 ao\u00fbt 2025<\/td>\n<td>R\u00e9union du Conseil d&rsquo;Administration pour examiner les donn\u00e9es \u00e9conomiques et financi\u00e8res pr\u00e9liminaires et les KPIs au 30 juin 2025, non soumis \u00e0 audit(i)<\/td>\n<\/tr>\n<tr>\n<td>24 septembre 2025<\/td>\n<td>R\u00e9union du Conseil d&rsquo;Administration pour approuver le projet d&rsquo;\u00e9tat financier au 30 juin 2025<\/td>\n<\/tr>\n<tr>\n<td>27 octobre 2025<\/td>\n<td>Premi\u00e8re convocation \u00e0 l&rsquo;Assembl\u00e9e des actionnaires pour l&rsquo;approbation du bilan au 30 juin 2025<\/td>\n<\/tr>\n<tr>\n<td>28 octobre 2025<\/td>\n<td>Deuxi\u00e8me convocation \u00e0 l&rsquo;Assembl\u00e9e des actionnaires pour l&rsquo;approbation du bilan au 30 juin 2025<\/td>\n<\/tr>\n<tr>\n<td>12 novembre 2025<\/td>\n<td>Communication des donn\u00e9es \u00e9conomiques et financi\u00e8res pr\u00e9liminaires et des KPIs au 30 septembre 2025, non soumis \u00e0 audit(i)<\/td>\n<\/tr>\n<tr>\n<td>11 f\u00e9vrier 2026<\/td>\n<td>R\u00e9union du Conseil d&rsquo;Administration pour examiner le chiffre d&rsquo;affaires semestriel pr\u00e9liminaire et les KPIs au 31 d\u00e9cembre 2025, non soumis \u00e0 audit(i)<\/td>\n<\/tr>\n<tr>\n<td>25 mars 2026<\/td>\n<td>R\u00e9union du Conseil d&rsquo;Administration pour approuver le rapport financier semestriel au 31 d\u00e9cembre 2025, soumis \u00e0 un audit volontaire<\/td>\n<\/tr>\n<\/tbody>\n<\/table>\n<p>(*) Les indicateurs cl\u00e9s de performance peuvent diff\u00e9rer des chiffres du bilan final de mani\u00e8re non substantielle.<\/p>\n","protected":false},"excerpt":{"rendered":"<p>&nbsp; Date \u00c9v\u00e9nement 14 mai 2025 Communication des donn\u00e9es \u00e9conomiques et financi\u00e8res pr\u00e9liminaires et des principaux indicateurs de performance (KPIs) [&hellip;]<\/p>\n","protected":false},"author":3,"featured_media":0,"parent":1530,"menu_order":0,"comment_status":"closed","ping_status":"closed","template":"tmp-investor.php","meta":{"inline_featured_image":false,"footnotes":""},"class_list":["post-1555","page","type-page","status-publish","hentry"],"_links":{"self":[{"href":"https:\/\/eviso.ai\/fr\/wp-json\/wp\/v2\/pages\/1555","targetHints":{"allow":["GET"]}}],"collection":[{"href":"https:\/\/eviso.ai\/fr\/wp-json\/wp\/v2\/pages"}],"about":[{"href":"https:\/\/eviso.ai\/fr\/wp-json\/wp\/v2\/types\/page"}],"author":[{"embeddable":true,"href":"https:\/\/eviso.ai\/fr\/wp-json\/wp\/v2\/users\/3"}],"replies":[{"embeddable":true,"href":"https:\/\/eviso.ai\/fr\/wp-json\/wp\/v2\/comments?post=1555"}],"version-history":[{"count":10,"href":"https:\/\/eviso.ai\/fr\/wp-json\/wp\/v2\/pages\/1555\/revisions"}],"predecessor-version":[{"id":7228,"href":"https:\/\/eviso.ai\/fr\/wp-json\/wp\/v2\/pages\/1555\/revisions\/7228"}],"up":[{"embeddable":true,"href":"https:\/\/eviso.ai\/fr\/wp-json\/wp\/v2\/pages\/1530"}],"wp:attachment":[{"href":"https:\/\/eviso.ai\/fr\/wp-json\/wp\/v2\/media?parent=1555"}],"curies":[{"name":"wp","href":"https:\/\/api.w.org\/{rel}","templated":true}]}}