{"id":1558,"date":"2022-03-08T12:35:32","date_gmt":"2022-03-08T10:35:32","guid":{"rendered":"https:\/\/eviso.ai\/?page_id=1558"},"modified":"2026-02-16T19:02:04","modified_gmt":"2026-02-16T17:02:04","slug":"contacts-relations-investisseurs","status":"publish","type":"page","link":"https:\/\/eviso.ai\/fr\/relations-avec-les-investisseurs\/contacts-relations-investisseurs\/","title":{"rendered":"Contacts Relations Investisseurs"},"content":{"rendered":"<p>L&rsquo;\u00e9quipe Relations Investisseurs eVISO est \u00e0 votre disposition pour toute question sur les aspects strat\u00e9giques, commerciaux, financiers et \u00e9conomiques.<\/p>\n<p>&nbsp;<\/p>\n<h4>Investor Relations<\/h4>\n<p>Dott.ssa Laura Milanesio<br \/>\n<i class=\"bi bi-phone\"><\/i> <a href=\"mailto:investor.relations@eviso.it\">investor.relations@eviso.it<\/a><\/p>\n<p>&nbsp;<\/p>\n<h4>Si\u00e8ge l\u00e9gal et administratif<\/h4>\n<p>Corso Luigi Einaudi 3 &#8211; 12037 Saluzzo CN<br \/>\n<i class=\"bi bi-phone\"><\/i> <a href=\"tel:0039017544648\">+39 0175 44648<\/a><\/p>\n<p>&nbsp;<\/p>\n<h4>Investor relations advisor<br \/>\nCDR Communication s.r.l.<\/h4>\n<p><strong>Vincenza Colucci<\/strong><br \/>\n<i class=\"bi bi-envelope\"><\/i> <a href=\"mailto:vincenza.colucci@cdr-communication.it\">vincenza.colucci@cdr-communication.it<\/a><br \/>\n<i class=\"bi bi-phone\"><\/i> <a href=\"tel:00393356909547\">+39 335 6909547<\/a><\/p>\n<p><strong>Simone Rivera<\/strong><br \/>\n<i class=\"bi bi-envelope\"><\/i> <a href=\"mailto:marta.alocci@cdr-communication.it\">simone.rivera@cdr-communication.it<\/a><br \/>\n<i class=\"bi bi-phone\"><\/i> <a href=\"tel:00393668780742\">+39 366 8780742<\/a><\/p>\n","protected":false},"excerpt":{"rendered":"<p>L&rsquo;\u00e9quipe Relations Investisseurs eVISO est \u00e0 votre disposition pour toute question sur les aspects strat\u00e9giques, commerciaux, financiers et \u00e9conomiques. &nbsp; [&hellip;]<\/p>\n","protected":false},"author":3,"featured_media":0,"parent":1530,"menu_order":0,"comment_status":"closed","ping_status":"closed","template":"tmp-investor.php","meta":{"inline_featured_image":false,"footnotes":""},"class_list":["post-1558","page","type-page","status-publish","hentry"],"_links":{"self":[{"href":"https:\/\/eviso.ai\/fr\/wp-json\/wp\/v2\/pages\/1558","targetHints":{"allow":["GET"]}}],"collection":[{"href":"https:\/\/eviso.ai\/fr\/wp-json\/wp\/v2\/pages"}],"about":[{"href":"https:\/\/eviso.ai\/fr\/wp-json\/wp\/v2\/types\/page"}],"author":[{"embeddable":true,"href":"https:\/\/eviso.ai\/fr\/wp-json\/wp\/v2\/users\/3"}],"replies":[{"embeddable":true,"href":"https:\/\/eviso.ai\/fr\/wp-json\/wp\/v2\/comments?post=1558"}],"version-history":[{"count":6,"href":"https:\/\/eviso.ai\/fr\/wp-json\/wp\/v2\/pages\/1558\/revisions"}],"predecessor-version":[{"id":8490,"href":"https:\/\/eviso.ai\/fr\/wp-json\/wp\/v2\/pages\/1558\/revisions\/8490"}],"up":[{"embeddable":true,"href":"https:\/\/eviso.ai\/fr\/wp-json\/wp\/v2\/pages\/1530"}],"wp:attachment":[{"href":"https:\/\/eviso.ai\/fr\/wp-json\/wp\/v2\/media?parent=1558"}],"curies":[{"name":"wp","href":"https:\/\/api.w.org\/{rel}","templated":true}]}}