{"id":2594,"date":"2023-03-27T10:21:33","date_gmt":"2023-03-27T08:21:33","guid":{"rendered":"https:\/\/eviso.ai\/?page_id=2594"},"modified":"2024-09-10T17:39:01","modified_gmt":"2024-09-10T15:39:01","slug":"rachat","status":"publish","type":"page","link":"https:\/\/eviso.ai\/fr\/relations-avec-les-investisseurs\/rachat\/","title":{"rendered":"Rachat"},"content":{"rendered":"<p>Le 16 mars 2023, eVISO a sign\u00e9 un contrat avec Mit Sim S.p.A. pour l&rsquo;ex\u00e9cution du plan de rachat dans le respect de la r\u00e9glementation en vigueur, en particulier des dispositions de l&rsquo;article 132 du d\u00e9cret l\u00e9gislatif n\u00b0 58 du 24 f\u00e9vrier 1998 et de l&rsquo;article 144-bis du r\u00e8glement approuv\u00e9 par la r\u00e9solution de la Consob n\u00b0 11971 du 14 mai 1999 et des modifications et ajouts ult\u00e9rieurs, ainsi que des proc\u00e9dures op\u00e9rationnelles \u00e9tablies par le r\u00e8glement des march\u00e9s organis\u00e9s et g\u00e9r\u00e9s par Borsa Italiana S.p.A.<\/p>\n<p><a href=\"https:\/\/eviso.ai\/wp-content\/uploads\/CS-eVISO_Buyback-DEF.pdf\">T\u00c9L\u00c9CHARGER LE COMMUNIQU\u00c9 DE PRESSE COMPLET (IT) <i class=\"bi bi-download\"><\/i><\/a><\/p>\n<p>&nbsp;<\/p>\n","protected":false},"excerpt":{"rendered":"<p>Le 16 mars 2023, eVISO a sign\u00e9 un contrat avec Mit Sim S.p.A. pour l&rsquo;ex\u00e9cution du plan de rachat dans [&hellip;]<\/p>\n","protected":false},"author":4,"featured_media":0,"parent":1530,"menu_order":0,"comment_status":"closed","ping_status":"closed","template":"tmp-investor-buyback.php","meta":{"inline_featured_image":false,"footnotes":""},"class_list":["post-2594","page","type-page","status-publish","hentry"],"_links":{"self":[{"href":"https:\/\/eviso.ai\/fr\/wp-json\/wp\/v2\/pages\/2594","targetHints":{"allow":["GET"]}}],"collection":[{"href":"https:\/\/eviso.ai\/fr\/wp-json\/wp\/v2\/pages"}],"about":[{"href":"https:\/\/eviso.ai\/fr\/wp-json\/wp\/v2\/types\/page"}],"author":[{"embeddable":true,"href":"https:\/\/eviso.ai\/fr\/wp-json\/wp\/v2\/users\/4"}],"replies":[{"embeddable":true,"href":"https:\/\/eviso.ai\/fr\/wp-json\/wp\/v2\/comments?post=2594"}],"version-history":[{"count":99,"href":"https:\/\/eviso.ai\/fr\/wp-json\/wp\/v2\/pages\/2594\/revisions"}],"predecessor-version":[{"id":6075,"href":"https:\/\/eviso.ai\/fr\/wp-json\/wp\/v2\/pages\/2594\/revisions\/6075"}],"up":[{"embeddable":true,"href":"https:\/\/eviso.ai\/fr\/wp-json\/wp\/v2\/pages\/1530"}],"wp:attachment":[{"href":"https:\/\/eviso.ai\/fr\/wp-json\/wp\/v2\/media?parent=2594"}],"curies":[{"name":"wp","href":"https:\/\/api.w.org\/{rel}","templated":true}]}}